{"id":165,"date":"2022-04-11T10:39:02","date_gmt":"2022-04-11T08:39:02","guid":{"rendered":"https:\/\/www.maison-voltaire-amboise.com\/chateau-de-la-loire\/"},"modified":"2022-05-23T11:47:25","modified_gmt":"2022-05-23T09:47:25","slug":"chateau-de-la-loire","status":"publish","type":"page","link":"https:\/\/www.maison-voltaire-amboise.com\/en\/hotel-logis-de-france-amboise\/chateau-de-la-loire\/","title":{"rendered":"Ch\u00e2teau de la Loire"},"content":{"rendered":"<div data-elementor-type=\"wp-page\" data-elementor-id=\"165\" class=\"elementor elementor-165\" data-elementor-post-type=\"page\">\n\t\t\t\t\t\t<section class=\"elementor-section elementor-top-section elementor-element elementor-element-a4477f6 elementor-section-boxed elementor-section-height-default elementor-section-height-default\" data-id=\"a4477f6\" data-element_type=\"section\" data-e-type=\"section\" data-settings=\"{&quot;background_background&quot;:&quot;classic&quot;}\">\n\t\t\t\t\t\t\t<div class=\"elementor-background-overlay\"><\/div>\n\t\t\t\t\t\t\t<div class=\"elementor-container elementor-column-gap-default\">\n\t\t\t\t\t<div class=\"elementor-column elementor-col-100 elementor-top-column elementor-element elementor-element-5a26a2b\" data-id=\"5a26a2b\" data-element_type=\"column\" data-e-type=\"column\">\n\t\t\t<div class=\"elementor-widget-wrap elementor-element-populated\">\n\t\t\t\t\t\t<section class=\"elementor-section elementor-inner-section elementor-element elementor-element-4f1e436 elementor-section-boxed elementor-section-height-default elementor-section-height-default\" data-id=\"4f1e436\" data-element_type=\"section\" data-e-type=\"section\">\n\t\t\t\t\t\t<div class=\"elementor-container elementor-column-gap-default\">\n\t\t\t\t\t<div class=\"elementor-column elementor-col-100 elementor-inner-column elementor-element elementor-element-85ca1f2\" data-id=\"85ca1f2\" data-element_type=\"column\" data-e-type=\"column\">\n\t\t\t<div class=\"elementor-widget-wrap elementor-element-populated\">\n\t\t\t\t\t\t<div class=\"elementor-element elementor-element-46252d1 elementor-widget-divider--view-line elementor-invisible elementor-widget elementor-widget-divider\" data-id=\"46252d1\" data-element_type=\"widget\" data-e-type=\"widget\" data-settings=\"{&quot;_animation&quot;:&quot;fadeInUp&quot;}\" data-widget_type=\"divider.default\">\n\t\t\t\t<div class=\"elementor-widget-container\">\n\t\t\t\t\t\t\t<div class=\"elementor-divider\">\n\t\t\t<span class=\"elementor-divider-separator\">\n\t\t\t\t\t\t<\/span>\n\t\t<\/div>\n\t\t\t\t\t\t<\/div>\n\t\t\t\t<\/div>\n\t\t\t\t<div class=\"elementor-element elementor-element-0f79219 elementor-widget__width-initial elementor-widget-mobile__width-inherit elementor-invisible elementor-widget elementor-widget-heading\" data-id=\"0f79219\" data-element_type=\"widget\" data-e-type=\"widget\" data-settings=\"{&quot;_animation&quot;:&quot;fadeInUp&quot;,&quot;_animation_delay&quot;:50}\" data-widget_type=\"heading.default\">\n\t\t\t\t<div class=\"elementor-widget-container\">\n\t\t\t\t\t<h1 class=\"elementor-heading-title elementor-size-default\">Hotel in the heart of Amboise<\/h1>\t\t\t\t<\/div>\n\t\t\t\t<\/div>\n\t\t\t\t\t<\/div>\n\t\t<\/div>\n\t\t\t\t\t<\/div>\n\t\t<\/section>\n\t\t\t\t\t<\/div>\n\t\t<\/div>\n\t\t\t\t\t<\/div>\n\t\t<\/section>\n\t\t\t\t<section class=\"elementor-section elementor-top-section elementor-element elementor-element-6409eb4 elementor-section-boxed elementor-section-height-default elementor-section-height-default\" data-id=\"6409eb4\" data-element_type=\"section\" data-e-type=\"section\">\n\t\t\t\t\t\t<div class=\"elementor-container elementor-column-gap-default\">\n\t\t\t\t\t<div class=\"elementor-column elementor-col-50 elementor-top-column elementor-element elementor-element-b817c42\" data-id=\"b817c42\" data-element_type=\"column\" data-e-type=\"column\">\n\t\t\t<div class=\"elementor-widget-wrap elementor-element-populated\">\n\t\t\t\t\t\t<div class=\"elementor-element elementor-element-d2d9fa1 elementor-invisible elementor-widget elementor-widget-image\" data-id=\"d2d9fa1\" data-element_type=\"widget\" data-e-type=\"widget\" data-settings=\"{&quot;_animation&quot;:&quot;fadeInUp&quot;}\" data-widget_type=\"image.default\">\n\t\t\t\t<div class=\"elementor-widget-container\">\n\t\t\t\t\t\t\t\t\t\t\t\t\t\t\t<img decoding=\"async\" src=\"https:\/\/www.maison-voltaire-amboise.com\/wp-content\/uploads\/elementor\/thumbs\/web_hotel_lanex_amboise_0025_iStock-92221195-rciiuund0v9jootzk4rwnu9xm0j814pdvsszchtniw.jpg\" title=\"web_hotel_lanex_amboise_0025_iStock-92221195\" alt=\"web_hotel_lanex_amboise_0025_iStock-92221195\" loading=\"lazy\" \/>\t\t\t\t\t\t\t\t\t\t\t\t\t\t\t<\/div>\n\t\t\t\t<\/div>\n\t\t\t\t\t<\/div>\n\t\t<\/div>\n\t\t\t\t<div class=\"elementor-column elementor-col-50 elementor-top-column elementor-element elementor-element-29f80e8\" data-id=\"29f80e8\" data-element_type=\"column\" data-e-type=\"column\" data-settings=\"{&quot;background_background&quot;:&quot;classic&quot;}\">\n\t\t\t<div class=\"elementor-widget-wrap elementor-element-populated\">\n\t\t\t\t\t\t<section class=\"elementor-section elementor-inner-section elementor-element elementor-element-e449b63 elementor-section-boxed elementor-section-height-default elementor-section-height-default\" data-id=\"e449b63\" data-element_type=\"section\" data-e-type=\"section\">\n\t\t\t\t\t\t<div class=\"elementor-container elementor-column-gap-default\">\n\t\t\t\t\t<div class=\"elementor-column elementor-col-100 elementor-inner-column elementor-element elementor-element-c0b8041\" data-id=\"c0b8041\" data-element_type=\"column\" data-e-type=\"column\">\n\t\t\t<div class=\"elementor-widget-wrap elementor-element-populated\">\n\t\t\t\t\t\t<div class=\"elementor-element elementor-element-6a9c5e9 elementor-invisible elementor-widget elementor-widget-heading\" data-id=\"6a9c5e9\" data-element_type=\"widget\" data-e-type=\"widget\" data-settings=\"{&quot;_animation&quot;:&quot;fadeInUp&quot;,&quot;_animation_delay&quot;:80}\" data-widget_type=\"heading.default\">\n\t\t\t\t<div class=\"elementor-widget-container\">\n\t\t\t\t\t<h3 class=\"elementor-heading-title elementor-size-default\">The castles<\/h3>\t\t\t\t<\/div>\n\t\t\t\t<\/div>\n\t\t\t\t<div class=\"elementor-element elementor-element-1014837 elementor-invisible elementor-widget elementor-widget-heading\" data-id=\"1014837\" data-element_type=\"widget\" data-e-type=\"widget\" data-settings=\"{&quot;_animation&quot;:&quot;fadeInUp&quot;,&quot;_animation_delay&quot;:100}\" data-widget_type=\"heading.default\">\n\t\t\t\t<div class=\"elementor-widget-container\">\n\t\t\t\t\t<h3 class=\"elementor-heading-title elementor-size-default\">of the Loire<\/h3>\t\t\t\t<\/div>\n\t\t\t\t<\/div>\n\t\t\t\t<div class=\"elementor-element elementor-element-052ce8f elementor-invisible elementor-widget elementor-widget-text-editor\" data-id=\"052ce8f\" data-element_type=\"widget\" data-e-type=\"widget\" data-settings=\"{&quot;_animation&quot;:&quot;fadeInUp&quot;,&quot;_animation_delay&quot;:150}\" data-widget_type=\"text-editor.default\">\n\t\t\t\t<div class=\"elementor-widget-container\">\n\t\t\t\t\t\t\t\t\t<p>One of the most famous castles of the Loire Valley is only a 5-minute walk from the Lanex Hotel. Travel through French history by visiting this former medieval fortress and royal residence. The royal castle of Amboise has been classified as a historical monument since 1840 and its architecture and furniture reflect the refinement of its time. <\/p><p>The magnificent landscaped gardens of the ch\u00e2teau open onto the landscapes of the Loire Valley, a UNESCO World Heritage Site.<br \/>Set on a rocky spur, the (late 15th-early 16th century) and its landscaped gardens open onto an exceptional panorama of landscapes listed as World Heritage.<\/p>\t\t\t\t\t\t\t\t<\/div>\n\t\t\t\t<\/div>\n\t\t\t\t\t<\/div>\n\t\t<\/div>\n\t\t\t\t\t<\/div>\n\t\t<\/section>\n\t\t\t\t\t<\/div>\n\t\t<\/div>\n\t\t\t\t\t<\/div>\n\t\t<\/section>\n\t\t\t\t<section class=\"elementor-section elementor-top-section elementor-element elementor-element-eba8877 elementor-section-boxed elementor-section-height-default elementor-section-height-default\" data-id=\"eba8877\" data-element_type=\"section\" data-e-type=\"section\">\n\t\t\t\t\t\t<div class=\"elementor-container elementor-column-gap-default\">\n\t\t\t\t\t<div class=\"elementor-column elementor-col-50 elementor-top-column elementor-element elementor-element-b5b7952\" data-id=\"b5b7952\" data-element_type=\"column\" data-e-type=\"column\" data-settings=\"{&quot;background_background&quot;:&quot;classic&quot;}\">\n\t\t\t<div class=\"elementor-widget-wrap elementor-element-populated\">\n\t\t\t\t\t\t<section class=\"elementor-section elementor-inner-section elementor-element elementor-element-cf8ba81 elementor-section-boxed elementor-section-height-default elementor-section-height-default\" data-id=\"cf8ba81\" data-element_type=\"section\" data-e-type=\"section\">\n\t\t\t\t\t\t<div class=\"elementor-container elementor-column-gap-default\">\n\t\t\t\t\t<div class=\"elementor-column elementor-col-100 elementor-inner-column elementor-element elementor-element-a1a0b3b\" data-id=\"a1a0b3b\" data-element_type=\"column\" data-e-type=\"column\">\n\t\t\t<div class=\"elementor-widget-wrap elementor-element-populated\">\n\t\t\t\t\t\t<div class=\"elementor-element elementor-element-fd2021d elementor-invisible elementor-widget elementor-widget-text-editor\" data-id=\"fd2021d\" data-element_type=\"widget\" data-e-type=\"widget\" data-settings=\"{&quot;_animation&quot;:&quot;fadeInUp&quot;,&quot;_animation_delay&quot;:150}\" data-widget_type=\"text-editor.default\">\n\t\t\t\t<div class=\"elementor-widget-container\">\n\t\t\t\t\t\t\t\t\t<p>Enter the world of Leonardo da Vinci by visiting the Clos Luc\u00e9, his last home. The Master stayed there from 1516 to 1519 at the invitation of Francis I. Its delicate architecture in pink brick and tufa, its harmonious proportions and its rooms displaying Leonardo da Vinci's knowledge make it an exceptional place, rich with 800 years of history.<br \/>This educational space is suitable for children and adults alike and approaches its work in a playful and attractive way, only 10 minutes from our hotel.<\/p><p>\u00a0<\/p><p>The Royal Estate of Ch\u00e2teau Gaillard, DOM PACELLO's \"Forgotten Royal Paradise\", is a must-see during your stay in the Loire Valley. Discover this Renaissance landmark nestled in a 15-hectare setting in the heart of Amboise and a 20-minute walk from the hotel. After 5 years of restoration, the estate has become home to the first Renaissance gardens in France. Follow the 7 Paths of Paradise to discover an unusual or romantic aspect.<\/p><p>\u00a0<\/p><p>The Ch\u00e2teau de Chenonceau, also known as the Ch\u00e2teau des Dames, is a real gem and a must-see in the Loire Valley. This historic monument is only 20 minutes from the Lanex hotel and welcomes you every day, all year round. <br \/>Discover its singular history through the different rooms, chambers and salons. The castle was loved, administered and protected by women such as Diane de Poitiers and Catherine de Medici. <br \/>The castle welcomes you with sublime bouquets of fresh flowers, like \"guests for a day\".<\/p>\t\t\t\t\t\t\t\t<\/div>\n\t\t\t\t<\/div>\n\t\t\t\t\t<\/div>\n\t\t<\/div>\n\t\t\t\t\t<\/div>\n\t\t<\/section>\n\t\t\t\t\t<\/div>\n\t\t<\/div>\n\t\t\t\t<div class=\"elementor-column elementor-col-50 elementor-top-column elementor-element elementor-element-57b618e\" data-id=\"57b618e\" data-element_type=\"column\" data-e-type=\"column\">\n\t\t\t<div class=\"elementor-widget-wrap elementor-element-populated\">\n\t\t\t\t\t\t<div class=\"elementor-element elementor-element-75eedd9 elementor-invisible elementor-widget elementor-widget-image\" data-id=\"75eedd9\" data-element_type=\"widget\" data-e-type=\"widget\" data-settings=\"{&quot;_animation&quot;:&quot;fadeInUp&quot;}\" data-widget_type=\"image.default\">\n\t\t\t\t<div class=\"elementor-widget-container\">\n\t\t\t\t\t\t\t\t\t\t\t\t\t\t\t<img decoding=\"async\" src=\"https:\/\/www.maison-voltaire-amboise.com\/wp-content\/uploads\/elementor\/thumbs\/iStock-4582382491-1-rciiuund0v9jootzk4rwnu9xm0j814pdvsszchtniw.jpg\" title=\"Chateau de Chenonceau\" alt=\"Chenonceaux, Indre-et-Loire, France - July 5, 2012: The Chateau de Chenonceau near the village of Chenonceaux on a sunny day.\" loading=\"lazy\" \/>\t\t\t\t\t\t\t\t\t\t\t\t\t\t\t<\/div>\n\t\t\t\t<\/div>\n\t\t\t\t\t<\/div>\n\t\t<\/div>\n\t\t\t\t\t<\/div>\n\t\t<\/section>\n\t\t\t\t<section class=\"elementor-section elementor-top-section elementor-element elementor-element-8330021 elementor-section-boxed elementor-section-height-default elementor-section-height-default\" data-id=\"8330021\" data-element_type=\"section\" data-e-type=\"section\">\n\t\t\t\t\t\t<div class=\"elementor-container elementor-column-gap-default\">\n\t\t\t\t\t<div class=\"make-column-clickable-elementor elementor-column elementor-col-33 elementor-top-column elementor-element elementor-element-719ae6a elementor-invisible\" style=\"cursor: pointer;\" data-column-clickable=\"https:\/\/www.maison-voltaire-amboise.com\/en\/hotel-logis-de-france-amboise\/zoo-de-beauval\/\" data-column-clickable-blank=\"_self\" data-id=\"719ae6a\" data-element_type=\"column\" data-e-type=\"column\" data-settings=\"{&quot;background_background&quot;:&quot;classic&quot;,&quot;animation&quot;:&quot;zoomIn&quot;}\">\n\t\t\t<div class=\"elementor-widget-wrap elementor-element-populated\">\n\t\t\t\t\t<div class=\"elementor-background-overlay\"><\/div>\n\t\t\t\t\t\t<div class=\"elementor-element elementor-element-3e63cef elementor-icon-list--layout-traditional elementor-list-item-link-full_width elementor-widget elementor-widget-icon-list\" data-id=\"3e63cef\" data-element_type=\"widget\" data-e-type=\"widget\" data-widget_type=\"icon-list.default\">\n\t\t\t\t<div class=\"elementor-widget-container\">\n\t\t\t\t\t\t\t<ul class=\"elementor-icon-list-items\">\n\t\t\t\t\t\t\t<li class=\"elementor-icon-list-item\">\n\t\t\t\t\t\t\t\t\t\t\t<a href=\"#\">\n\n\t\t\t\t\t\t\t\t\t\t\t<span class=\"elementor-icon-list-text\">Beauval Zoo<\/span>\n\t\t\t\t\t\t\t\t\t\t\t<\/a>\n\t\t\t\t\t\t\t\t\t<\/li>\n\t\t\t\t\t\t<\/ul>\n\t\t\t\t\t\t<\/div>\n\t\t\t\t<\/div>\n\t\t\t\t\t<\/div>\n\t\t<\/div>\n\t\t\t\t<div class=\"make-column-clickable-elementor elementor-column elementor-col-33 elementor-top-column elementor-element elementor-element-3ef71ee elementor-invisible\" style=\"cursor: pointer;\" data-column-clickable=\"https:\/\/www.maison-voltaire-amboise.com\/en\/hotel-logis-de-france-amboise\/amboise\/\" data-column-clickable-blank=\"_self\" data-id=\"3ef71ee\" data-element_type=\"column\" data-e-type=\"column\" data-settings=\"{&quot;background_background&quot;:&quot;classic&quot;,&quot;animation&quot;:&quot;zoomIn&quot;}\">\n\t\t\t<div class=\"elementor-widget-wrap elementor-element-populated\">\n\t\t\t\t\t<div class=\"elementor-background-overlay\"><\/div>\n\t\t\t\t\t\t<div class=\"elementor-element elementor-element-51286ca elementor-icon-list--layout-traditional elementor-list-item-link-full_width elementor-widget elementor-widget-icon-list\" data-id=\"51286ca\" data-element_type=\"widget\" data-e-type=\"widget\" data-widget_type=\"icon-list.default\">\n\t\t\t\t<div class=\"elementor-widget-container\">\n\t\t\t\t\t\t\t<ul class=\"elementor-icon-list-items\">\n\t\t\t\t\t\t\t<li class=\"elementor-icon-list-item\">\n\t\t\t\t\t\t\t\t\t\t\t<a href=\"#\">\n\n\t\t\t\t\t\t\t\t\t\t\t<span class=\"elementor-icon-list-text\">Visit Amboise<\/span>\n\t\t\t\t\t\t\t\t\t\t\t<\/a>\n\t\t\t\t\t\t\t\t\t<\/li>\n\t\t\t\t\t\t<\/ul>\n\t\t\t\t\t\t<\/div>\n\t\t\t\t<\/div>\n\t\t\t\t\t<\/div>\n\t\t<\/div>\n\t\t\t\t<div class=\"make-column-clickable-elementor elementor-column elementor-col-33 elementor-top-column elementor-element elementor-element-f306cb3 elementor-invisible\" style=\"cursor: pointer;\" data-column-clickable=\"https:\/\/www.maison-voltaire-amboise.com\/en\/hotel-logis-de-france-amboise\/les-vins-de-la-loire\/\" data-column-clickable-blank=\"_self\" data-id=\"f306cb3\" data-element_type=\"column\" data-e-type=\"column\" data-settings=\"{&quot;background_background&quot;:&quot;classic&quot;,&quot;animation&quot;:&quot;zoomIn&quot;}\">\n\t\t\t<div class=\"elementor-widget-wrap elementor-element-populated\">\n\t\t\t\t\t<div class=\"elementor-background-overlay\"><\/div>\n\t\t\t\t\t\t<div class=\"elementor-element elementor-element-59dd31f elementor-icon-list--layout-traditional elementor-list-item-link-full_width elementor-widget elementor-widget-icon-list\" data-id=\"59dd31f\" data-element_type=\"widget\" data-e-type=\"widget\" data-widget_type=\"icon-list.default\">\n\t\t\t\t<div class=\"elementor-widget-container\">\n\t\t\t\t\t\t\t<ul class=\"elementor-icon-list-items\">\n\t\t\t\t\t\t\t<li class=\"elementor-icon-list-item\">\n\t\t\t\t\t\t\t\t\t\t\t<a href=\"#\">\n\n\t\t\t\t\t\t\t\t\t\t\t<span class=\"elementor-icon-list-text\">The wines of the Loire<\/span>\n\t\t\t\t\t\t\t\t\t\t\t<\/a>\n\t\t\t\t\t\t\t\t\t<\/li>\n\t\t\t\t\t\t<\/ul>\n\t\t\t\t\t\t<\/div>\n\t\t\t\t<\/div>\n\t\t\t\t\t<\/div>\n\t\t<\/div>\n\t\t\t\t\t<\/div>\n\t\t<\/section>\n\t\t\t\t<\/div>","protected":false},"excerpt":{"rendered":"<p>H\u00f4tel au c\u0153ur d\u2019Amboise Les ch\u00e2teaux de la Loire L\u2019un des plus c\u00e9l\u00e8bres ch\u00e2teaux de la Loire se trouve \u00e0 seulement 5 minutes \u00e0 pied de l\u2019h\u00f4tel Lanex. Voyagez \u00e0 travers l\u2019Histoire de France en visitant cette ancienne forteresse m\u00e9di\u00e9vale puis r\u00e9sidence royale. Le ch\u00e2teau royal d\u2019Amboise est class\u00e9 Monument Historique depuis 1840 et son [&hellip;]<\/p>\n","protected":false},"author":6,"featured_media":0,"parent":1154,"menu_order":2,"comment_status":"closed","ping_status":"closed","template":"","meta":{"inline_featured_image":false,"footnotes":""},"class_list":["post-165","page","type-page","status-publish","hentry"],"_links":{"self":[{"href":"https:\/\/www.maison-voltaire-amboise.com\/en\/wp-json\/wp\/v2\/pages\/165","targetHints":{"allow":["GET"]}}],"collection":[{"href":"https:\/\/www.maison-voltaire-amboise.com\/en\/wp-json\/wp\/v2\/pages"}],"about":[{"href":"https:\/\/www.maison-voltaire-amboise.com\/en\/wp-json\/wp\/v2\/types\/page"}],"author":[{"embeddable":true,"href":"https:\/\/www.maison-voltaire-amboise.com\/en\/wp-json\/wp\/v2\/users\/6"}],"replies":[{"embeddable":true,"href":"https:\/\/www.maison-voltaire-amboise.com\/en\/wp-json\/wp\/v2\/comments?post=165"}],"version-history":[{"count":13,"href":"https:\/\/www.maison-voltaire-amboise.com\/en\/wp-json\/wp\/v2\/pages\/165\/revisions"}],"predecessor-version":[{"id":1578,"href":"https:\/\/www.maison-voltaire-amboise.com\/en\/wp-json\/wp\/v2\/pages\/165\/revisions\/1578"}],"up":[{"embeddable":true,"href":"https:\/\/www.maison-voltaire-amboise.com\/en\/wp-json\/wp\/v2\/pages\/1154"}],"wp:attachment":[{"href":"https:\/\/www.maison-voltaire-amboise.com\/en\/wp-json\/wp\/v2\/media?parent=165"}],"curies":[{"name":"wp","href":"https:\/\/api.w.org\/{rel}","templated":true}]}}